{"id":16,"date":"2025-10-05T21:53:43","date_gmt":"2025-10-05T21:53:43","guid":{"rendered":"http:\/\/ingepoo.cluster021.hosting.ovh.net\/index.php\/contact-us\/"},"modified":"2025-10-05T23:24:13","modified_gmt":"2025-10-05T23:24:13","slug":"contact-us","status":"publish","type":"page","link":"https:\/\/www.ingepop.com\/index.php\/contact-us\/","title":{"rendered":"Contact"},"content":{"rendered":"\t\t<div data-elementor-type=\"wp-page\" data-elementor-id=\"16\" class=\"elementor elementor-16\">\n\t\t\t\t<div class=\"elementor-element elementor-element-2696f443 e-flex e-con-boxed e-con e-parent\" data-id=\"2696f443\" data-element_type=\"container\" data-e-type=\"container\">\n\t\t\t\t\t<div class=\"e-con-inner\">\n\t\t<div class=\"elementor-element elementor-element-11889d7b e-con-full e-flex e-con e-child\" data-id=\"11889d7b\" data-element_type=\"container\" data-e-type=\"container\" data-settings=\"{&quot;background_background&quot;:&quot;classic&quot;}\">\n\t\t\t\t<div class=\"elementor-element elementor-element-de400a4 elementor-widget elementor-widget-image\" data-id=\"de400a4\" data-element_type=\"widget\" data-e-type=\"widget\" data-widget_type=\"image.default\">\n\t\t\t\t\t\t\t\t\t\t\t\t\t\t\t<img fetchpriority=\"high\" decoding=\"async\" width=\"1027\" height=\"835\" src=\"https:\/\/www.ingepop.com\/wp-content\/uploads\/2025\/10\/Image_Placeholder.jpg\" class=\"attachment-full size-full wp-image-18\" alt=\"\" srcset=\"https:\/\/www.ingepop.com\/wp-content\/uploads\/2025\/10\/Image_Placeholder.jpg 1027w, https:\/\/www.ingepop.com\/wp-content\/uploads\/2025\/10\/Image_Placeholder-300x244.jpg 300w, https:\/\/www.ingepop.com\/wp-content\/uploads\/2025\/10\/Image_Placeholder-1024x833.jpg 1024w, https:\/\/www.ingepop.com\/wp-content\/uploads\/2025\/10\/Image_Placeholder-768x624.jpg 768w\" sizes=\"(max-width: 1027px) 100vw, 1027px\" \/>\t\t\t\t\t\t\t\t\t\t\t\t\t\t\t<\/div>\n\t\t\t\t<\/div>\n\t\t<div class=\"elementor-element elementor-element-6d81f5d7 e-con-full e-flex e-con e-child\" data-id=\"6d81f5d7\" data-element_type=\"container\" data-e-type=\"container\">\n\t\t\t\t<div class=\"elementor-element elementor-element-6124a2a4 elementor-icon-list--layout-traditional elementor-list-item-link-full_width elementor-widget elementor-widget-icon-list\" data-id=\"6124a2a4\" data-element_type=\"widget\" data-e-type=\"widget\" data-widget_type=\"icon-list.default\">\n\t\t\t\t\t\t\t<ul class=\"elementor-icon-list-items\">\n\t\t\t\t\t\t\t<li class=\"elementor-icon-list-item\">\n\t\t\t\t\t\t\t\t\t\t<span class=\"elementor-icon-list-text\"><b>Votre interlocuteur:<\/b> Julien POPRAWA<\/span>\n\t\t\t\t\t\t\t\t\t<\/li>\n\t\t\t\t\t\t\t\t<li class=\"elementor-icon-list-item\">\n\t\t\t\t\t\t\t\t\t\t<span class=\"elementor-icon-list-text\"><b>T\u00e9l\u00e9phone:<\/b> 06 79 49 32 87<\/span>\n\t\t\t\t\t\t\t\t\t<\/li>\n\t\t\t\t\t\t\t\t<li class=\"elementor-icon-list-item\">\n\t\t\t\t\t\t\t\t\t\t<span class=\"elementor-icon-list-text\"><b>Email:<\/b> contact@ingepop.com<\/span>\n\t\t\t\t\t\t\t\t\t<\/li>\n\t\t\t\t\t\t<\/ul>\n\t\t\t\t\t\t<\/div>\n\t\t\t\t<div class=\"elementor-element elementor-element-82f492e elementor-widget elementor-widget-heading\" data-id=\"82f492e\" data-element_type=\"widget\" data-e-type=\"widget\" data-widget_type=\"heading.default\">\n\t\t\t\t\t<h2 class=\"elementor-heading-title elementor-size-default\"><br><br>Nous serons ravis d\u2019\u00e9changer avec vous.\nN\u2019h\u00e9sitez pas \u00e0 nous contacter!<\/h2>\t\t\t\t<\/div>\n\t\t\t\t<\/div>\n\t\t\t\t\t<\/div>\n\t\t\t\t<\/div>\n\t\t<div class=\"elementor-element elementor-element-c829326 e-flex e-con-boxed e-con e-parent\" data-id=\"c829326\" data-element_type=\"container\" data-e-type=\"container\">\n\t\t\t\t\t<div class=\"e-con-inner\">\n\t\t\t\t\t<\/div>\n\t\t\t\t<\/div>\n\t\t<div class=\"elementor-element elementor-element-99b6307 e-flex e-con-boxed e-con e-parent\" data-id=\"99b6307\" data-element_type=\"container\" data-e-type=\"container\">\n\t\t\t\t\t<div class=\"e-con-inner\">\n\t\t\t\t\t<\/div>\n\t\t\t\t<\/div>\n\t\t\t\t<\/div>\n\t\t","protected":false},"excerpt":{"rendered":"<p>Votre interlocuteur: Julien POPRAWA T\u00e9l\u00e9phone: 06 79 49 32 87 Email: contact@ingepop.com Nous serons ravis d\u2019\u00e9changer avec vous. N\u2019h\u00e9sitez pas \u00e0 nous contacter!<\/p>\n","protected":false},"author":2,"featured_media":21,"parent":0,"menu_order":0,"comment_status":"closed","ping_status":"closed","template":"elementor_header_footer","meta":{"ocean_post_layout":"","ocean_both_sidebars_style":"","ocean_both_sidebars_content_width":0,"ocean_both_sidebars_sidebars_width":0,"ocean_sidebar":"","ocean_second_sidebar":"","ocean_disable_margins":"enable","ocean_add_body_class":"","ocean_shortcode_before_top_bar":"","ocean_shortcode_after_top_bar":"","ocean_shortcode_before_header":"","ocean_shortcode_after_header":"","ocean_has_shortcode":"","ocean_shortcode_after_title":"","ocean_shortcode_before_footer_widgets":"","ocean_shortcode_after_footer_widgets":"","ocean_shortcode_before_footer_bottom":"","ocean_shortcode_after_footer_bottom":"","ocean_display_top_bar":"default","ocean_display_header":"default","ocean_header_style":"","ocean_center_header_left_menu":"","ocean_custom_header_template":"","ocean_custom_logo":0,"ocean_custom_retina_logo":0,"ocean_custom_logo_max_width":0,"ocean_custom_logo_tablet_max_width":0,"ocean_custom_logo_mobile_max_width":0,"ocean_custom_logo_max_height":0,"ocean_custom_logo_tablet_max_height":0,"ocean_custom_logo_mobile_max_height":0,"ocean_header_custom_menu":"","ocean_menu_typo_font_family":"","ocean_menu_typo_font_subset":"","ocean_menu_typo_font_size":0,"ocean_menu_typo_font_size_tablet":0,"ocean_menu_typo_font_size_mobile":0,"ocean_menu_typo_font_size_unit":"px","ocean_menu_typo_font_weight":"","ocean_menu_typo_font_weight_tablet":"","ocean_menu_typo_font_weight_mobile":"","ocean_menu_typo_transform":"","ocean_menu_typo_transform_tablet":"","ocean_menu_typo_transform_mobile":"","ocean_menu_typo_line_height":0,"ocean_menu_typo_line_height_tablet":0,"ocean_menu_typo_line_height_mobile":0,"ocean_menu_typo_line_height_unit":"","ocean_menu_typo_spacing":0,"ocean_menu_typo_spacing_tablet":0,"ocean_menu_typo_spacing_mobile":0,"ocean_menu_typo_spacing_unit":"","ocean_menu_link_color":"","ocean_menu_link_color_hover":"","ocean_menu_link_color_active":"","ocean_menu_link_background":"","ocean_menu_link_hover_background":"","ocean_menu_link_active_background":"","ocean_menu_social_links_bg":"","ocean_menu_social_hover_links_bg":"","ocean_menu_social_links_color":"","ocean_menu_social_hover_links_color":"","ocean_disable_title":"default","ocean_disable_heading":"default","ocean_post_title":"","ocean_post_subheading":"","ocean_post_title_style":"","ocean_post_title_background_color":"","ocean_post_title_background":0,"ocean_post_title_bg_image_position":"","ocean_post_title_bg_image_attachment":"","ocean_post_title_bg_image_repeat":"","ocean_post_title_bg_image_size":"","ocean_post_title_height":0,"ocean_post_title_bg_overlay":0.5,"ocean_post_title_bg_overlay_color":"","ocean_disable_breadcrumbs":"default","ocean_breadcrumbs_color":"","ocean_breadcrumbs_separator_color":"","ocean_breadcrumbs_links_color":"","ocean_breadcrumbs_links_hover_color":"","ocean_display_footer_widgets":"default","ocean_display_footer_bottom":"default","ocean_custom_footer_template":"","footnotes":""},"class_list":["post-16","page","type-page","status-publish","has-post-thumbnail","hentry","entry","has-media"],"yoast_head":"<!-- This site is optimized with the Yoast SEO plugin v27.3 - https:\/\/yoast.com\/product\/yoast-seo-wordpress\/ -->\n<title>Contact - INGEPOP<\/title>\n<meta name=\"robots\" content=\"index, follow, max-snippet:-1, max-image-preview:large, max-video-preview:-1\" \/>\n<link rel=\"canonical\" href=\"https:\/\/www.ingepop.com\/index.php\/contact-us\/\" \/>\n<meta property=\"og:locale\" content=\"fr_FR\" \/>\n<meta property=\"og:type\" content=\"article\" \/>\n<meta property=\"og:title\" content=\"Contact - INGEPOP\" \/>\n<meta property=\"og:description\" content=\"Votre interlocuteur: Julien POPRAWA T\u00e9l\u00e9phone: 06 79 49 32 87 Email: contact@ingepop.com Nous serons ravis d\u2019\u00e9changer avec vous. N\u2019h\u00e9sitez pas \u00e0 nous contacter!\" \/>\n<meta property=\"og:url\" content=\"https:\/\/www.ingepop.com\/index.php\/contact-us\/\" \/>\n<meta property=\"og:site_name\" content=\"INGEPOP\" \/>\n<meta property=\"article:modified_time\" content=\"2025-10-05T23:24:13+00:00\" \/>\n<meta property=\"og:image\" content=\"https:\/\/www.ingepop.com\/wp-content\/uploads\/2025\/10\/Contact-Us-400_380.jpg\" \/>\n\t<meta property=\"og:image:width\" content=\"400\" \/>\n\t<meta property=\"og:image:height\" content=\"380\" \/>\n\t<meta property=\"og:image:type\" content=\"image\/jpeg\" \/>\n<meta name=\"twitter:card\" content=\"summary_large_image\" \/>\n<meta name=\"twitter:label1\" content=\"Dur\u00e9e de lecture estim\u00e9e\" \/>\n\t<meta name=\"twitter:data1\" content=\"1 minute\" \/>\n<script type=\"application\/ld+json\" class=\"yoast-schema-graph\">{\"@context\":\"https:\\\/\\\/schema.org\",\"@graph\":[{\"@type\":\"WebPage\",\"@id\":\"https:\\\/\\\/www.ingepop.com\\\/index.php\\\/contact-us\\\/\",\"url\":\"https:\\\/\\\/www.ingepop.com\\\/index.php\\\/contact-us\\\/\",\"name\":\"Contact - INGEPOP\",\"isPartOf\":{\"@id\":\"https:\\\/\\\/www.ingepop.com\\\/#website\"},\"primaryImageOfPage\":{\"@id\":\"https:\\\/\\\/www.ingepop.com\\\/index.php\\\/contact-us\\\/#primaryimage\"},\"image\":{\"@id\":\"https:\\\/\\\/www.ingepop.com\\\/index.php\\\/contact-us\\\/#primaryimage\"},\"thumbnailUrl\":\"https:\\\/\\\/www.ingepop.com\\\/wp-content\\\/uploads\\\/2025\\\/10\\\/Contact-Us-400_380.jpg\",\"datePublished\":\"2025-10-05T21:53:43+00:00\",\"dateModified\":\"2025-10-05T23:24:13+00:00\",\"breadcrumb\":{\"@id\":\"https:\\\/\\\/www.ingepop.com\\\/index.php\\\/contact-us\\\/#breadcrumb\"},\"inLanguage\":\"fr-FR\",\"potentialAction\":[{\"@type\":\"ReadAction\",\"target\":[\"https:\\\/\\\/www.ingepop.com\\\/index.php\\\/contact-us\\\/\"]}]},{\"@type\":\"ImageObject\",\"inLanguage\":\"fr-FR\",\"@id\":\"https:\\\/\\\/www.ingepop.com\\\/index.php\\\/contact-us\\\/#primaryimage\",\"url\":\"https:\\\/\\\/www.ingepop.com\\\/wp-content\\\/uploads\\\/2025\\\/10\\\/Contact-Us-400_380.jpg\",\"contentUrl\":\"https:\\\/\\\/www.ingepop.com\\\/wp-content\\\/uploads\\\/2025\\\/10\\\/Contact-Us-400_380.jpg\",\"width\":400,\"height\":380},{\"@type\":\"BreadcrumbList\",\"@id\":\"https:\\\/\\\/www.ingepop.com\\\/index.php\\\/contact-us\\\/#breadcrumb\",\"itemListElement\":[{\"@type\":\"ListItem\",\"position\":1,\"name\":\"Home\",\"item\":\"https:\\\/\\\/www.ingepop.com\\\/\"},{\"@type\":\"ListItem\",\"position\":2,\"name\":\"Contact\"}]},{\"@type\":\"WebSite\",\"@id\":\"https:\\\/\\\/www.ingepop.com\\\/#website\",\"url\":\"https:\\\/\\\/www.ingepop.com\\\/\",\"name\":\"INGEPOP SAS \u2013 Ing\u00e9nierie durable & transition \u00e9cologique\",\"description\":\"Transition \u00e9cologique, \u00c9tudes, Conseil et Agro\u00e9cologie\",\"publisher\":{\"@id\":\"https:\\\/\\\/www.ingepop.com\\\/#organization\"},\"potentialAction\":[{\"@type\":\"SearchAction\",\"target\":{\"@type\":\"EntryPoint\",\"urlTemplate\":\"https:\\\/\\\/www.ingepop.com\\\/?s={search_term_string}\"},\"query-input\":{\"@type\":\"PropertyValueSpecification\",\"valueRequired\":true,\"valueName\":\"search_term_string\"}}],\"inLanguage\":\"fr-FR\"},{\"@type\":\"Organization\",\"@id\":\"https:\\\/\\\/www.ingepop.com\\\/#organization\",\"name\":\"INGEPOP\",\"url\":\"https:\\\/\\\/www.ingepop.com\\\/\",\"logo\":{\"@type\":\"ImageObject\",\"inLanguage\":\"fr-FR\",\"@id\":\"https:\\\/\\\/www.ingepop.com\\\/#\\\/schema\\\/logo\\\/image\\\/\",\"url\":\"http:\\\/\\\/ingepoo.cluster021.hosting.ovh.net\\\/wp-content\\\/uploads\\\/2025\\\/10\\\/logo_ingepop.png\",\"contentUrl\":\"http:\\\/\\\/ingepoo.cluster021.hosting.ovh.net\\\/wp-content\\\/uploads\\\/2025\\\/10\\\/logo_ingepop.png\",\"width\":282,\"height\":320,\"caption\":\"INGEPOP\"},\"image\":{\"@id\":\"https:\\\/\\\/www.ingepop.com\\\/#\\\/schema\\\/logo\\\/image\\\/\"}}]}<\/script>\n<!-- \/ Yoast SEO plugin. -->","yoast_head_json":{"title":"Contact - INGEPOP","robots":{"index":"index","follow":"follow","max-snippet":"max-snippet:-1","max-image-preview":"max-image-preview:large","max-video-preview":"max-video-preview:-1"},"canonical":"https:\/\/www.ingepop.com\/index.php\/contact-us\/","og_locale":"fr_FR","og_type":"article","og_title":"Contact - INGEPOP","og_description":"Votre interlocuteur: Julien POPRAWA T\u00e9l\u00e9phone: 06 79 49 32 87 Email: contact@ingepop.com Nous serons ravis d\u2019\u00e9changer avec vous. N\u2019h\u00e9sitez pas \u00e0 nous contacter!","og_url":"https:\/\/www.ingepop.com\/index.php\/contact-us\/","og_site_name":"INGEPOP","article_modified_time":"2025-10-05T23:24:13+00:00","og_image":[{"width":400,"height":380,"url":"https:\/\/www.ingepop.com\/wp-content\/uploads\/2025\/10\/Contact-Us-400_380.jpg","type":"image\/jpeg"}],"twitter_card":"summary_large_image","twitter_misc":{"Dur\u00e9e de lecture estim\u00e9e":"1 minute"},"schema":{"@context":"https:\/\/schema.org","@graph":[{"@type":"WebPage","@id":"https:\/\/www.ingepop.com\/index.php\/contact-us\/","url":"https:\/\/www.ingepop.com\/index.php\/contact-us\/","name":"Contact - INGEPOP","isPartOf":{"@id":"https:\/\/www.ingepop.com\/#website"},"primaryImageOfPage":{"@id":"https:\/\/www.ingepop.com\/index.php\/contact-us\/#primaryimage"},"image":{"@id":"https:\/\/www.ingepop.com\/index.php\/contact-us\/#primaryimage"},"thumbnailUrl":"https:\/\/www.ingepop.com\/wp-content\/uploads\/2025\/10\/Contact-Us-400_380.jpg","datePublished":"2025-10-05T21:53:43+00:00","dateModified":"2025-10-05T23:24:13+00:00","breadcrumb":{"@id":"https:\/\/www.ingepop.com\/index.php\/contact-us\/#breadcrumb"},"inLanguage":"fr-FR","potentialAction":[{"@type":"ReadAction","target":["https:\/\/www.ingepop.com\/index.php\/contact-us\/"]}]},{"@type":"ImageObject","inLanguage":"fr-FR","@id":"https:\/\/www.ingepop.com\/index.php\/contact-us\/#primaryimage","url":"https:\/\/www.ingepop.com\/wp-content\/uploads\/2025\/10\/Contact-Us-400_380.jpg","contentUrl":"https:\/\/www.ingepop.com\/wp-content\/uploads\/2025\/10\/Contact-Us-400_380.jpg","width":400,"height":380},{"@type":"BreadcrumbList","@id":"https:\/\/www.ingepop.com\/index.php\/contact-us\/#breadcrumb","itemListElement":[{"@type":"ListItem","position":1,"name":"Home","item":"https:\/\/www.ingepop.com\/"},{"@type":"ListItem","position":2,"name":"Contact"}]},{"@type":"WebSite","@id":"https:\/\/www.ingepop.com\/#website","url":"https:\/\/www.ingepop.com\/","name":"INGEPOP SAS \u2013 Ing\u00e9nierie durable & transition \u00e9cologique","description":"Transition \u00e9cologique, \u00c9tudes, Conseil et Agro\u00e9cologie","publisher":{"@id":"https:\/\/www.ingepop.com\/#organization"},"potentialAction":[{"@type":"SearchAction","target":{"@type":"EntryPoint","urlTemplate":"https:\/\/www.ingepop.com\/?s={search_term_string}"},"query-input":{"@type":"PropertyValueSpecification","valueRequired":true,"valueName":"search_term_string"}}],"inLanguage":"fr-FR"},{"@type":"Organization","@id":"https:\/\/www.ingepop.com\/#organization","name":"INGEPOP","url":"https:\/\/www.ingepop.com\/","logo":{"@type":"ImageObject","inLanguage":"fr-FR","@id":"https:\/\/www.ingepop.com\/#\/schema\/logo\/image\/","url":"http:\/\/ingepoo.cluster021.hosting.ovh.net\/wp-content\/uploads\/2025\/10\/logo_ingepop.png","contentUrl":"http:\/\/ingepoo.cluster021.hosting.ovh.net\/wp-content\/uploads\/2025\/10\/logo_ingepop.png","width":282,"height":320,"caption":"INGEPOP"},"image":{"@id":"https:\/\/www.ingepop.com\/#\/schema\/logo\/image\/"}}]}},"_links":{"self":[{"href":"https:\/\/www.ingepop.com\/index.php\/wp-json\/wp\/v2\/pages\/16","targetHints":{"allow":["GET"]}}],"collection":[{"href":"https:\/\/www.ingepop.com\/index.php\/wp-json\/wp\/v2\/pages"}],"about":[{"href":"https:\/\/www.ingepop.com\/index.php\/wp-json\/wp\/v2\/types\/page"}],"author":[{"embeddable":true,"href":"https:\/\/www.ingepop.com\/index.php\/wp-json\/wp\/v2\/users\/2"}],"replies":[{"embeddable":true,"href":"https:\/\/www.ingepop.com\/index.php\/wp-json\/wp\/v2\/comments?post=16"}],"version-history":[{"count":14,"href":"https:\/\/www.ingepop.com\/index.php\/wp-json\/wp\/v2\/pages\/16\/revisions"}],"predecessor-version":[{"id":103,"href":"https:\/\/www.ingepop.com\/index.php\/wp-json\/wp\/v2\/pages\/16\/revisions\/103"}],"wp:featuredmedia":[{"embeddable":true,"href":"https:\/\/www.ingepop.com\/index.php\/wp-json\/wp\/v2\/media\/21"}],"wp:attachment":[{"href":"https:\/\/www.ingepop.com\/index.php\/wp-json\/wp\/v2\/media?parent=16"}],"curies":[{"name":"wp","href":"https:\/\/api.w.org\/{rel}","templated":true}]}}